{"id":51,"date":"2024-06-28T02:15:54","date_gmt":"2024-06-28T02:15:54","guid":{"rendered":"https:\/\/adds.ro\/sincron\/home\/"},"modified":"2024-07-29T14:40:32","modified_gmt":"2024-07-29T14:40:32","slug":"start","status":"publish","type":"page","link":"https:\/\/adds.ro\/sincron\/","title":{"rendered":"SINCRON"},"content":{"rendered":"\n\n\n\n\n<p>Lorem Ipsum has been the industry&#8217;s standard dummy text ever since the 1500s.<\/p>\n\n\n\n\n\n<h1>PARTENERIAT<\/h1>\n\n\n\n\n\n<p [object NamedNodeMap]><span lang=\"RO\" style=\"font-size:11.0pt;line-height:115%;font-family:&quot;Trebuchet MS&quot;,sans-serif;\nmso-ansi-language:RO\">Proiectul <em>SINCRON &#8211;<\/em><\/span> <span lang=\"RO\" style=\"font-size:11.0pt;line-height:115%;font-family:&quot;Trebuchet MS&quot;,sans-serif;\nmso-ansi-language:RO\"><em>Sincronizarea m\u0103surilor active de ocupare cu dinamica pie\u021bei muncii prin consolidarea capacit\u0103\u021bii organiza\u021bionale a ONG-urilor de profil (<\/em>Cod SMIS: 308603) este<\/span> <span lang=\"RO\" style=\"font-size:11.0pt;line-height:115%;font-family:&quot;Trebuchet MS&quot;,sans-serif;\nmso-ansi-language:RO\">implementat de <strong>Asocia\u0163ia pentru Dezvoltare Durabil\u0103 Slatina<\/strong><\/span> <span lang=\"RO\" style=\"font-size:11.0pt;line-height:115%;font-family:&quot;Trebuchet MS&quot;,sans-serif;\nmso-ansi-language:RO\">(A.D.D.S.) \u00een parteneriat cu<\/span> <strong><span lang=\"RO\" style=\"font-size:11.0pt;line-height:115%;font-family:&quot;Trebuchet MS&quot;,sans-serif;\nmso-ansi-language:RO\">Asocia\u021bia de Consultan\u021b\u0103 \u0219i Consiliere<\/span> <span lang=\"RO\" style=\"font-size:11.0pt;line-height:115%;font-family:&quot;Trebuchet MS&quot;,sans-serif;\nmso-ansi-language:RO\">Economico-Social\u0103 Ol<span style=\"font-size:medium;\"><\/span>tenia<\/span><\/strong><span lang=\"RO\" style=\"font-size:11.0pt;line-height:115%;font-family:&quot;Trebuchet MS&quot;,sans-serif;\nmso-ansi-language:RO\"> (A.C.C.E.S. Oltenia) pe o<\/span> <span lang=\"RO\" style=\"font-size:11.0pt;line-height:115%;font-family:&quot;Trebuchet MS&quot;,sans-serif;\nmso-ansi-language:RO\">perioad\u0103 de 24\u00a0 de luni iar aria de ac\u021biune curpinde toate<\/span> <span lang=\"RO\" style=\"font-size:11.0pt;line-height:115%;font-family:&quot;Trebuchet MS&quot;,sans-serif;\nmso-ansi-language:RO\">regiunile administrative ale Rom\u00e2niei, cu excep\u021bia regiunii Bucure\u0219ti-Ilfov.<\/span><\/p>\n\n\n\n<p class=\"MsoNormal\" style=\"text-align:justify;text-justify:inter-ideograph\"><span lang=\"RO\" style=\"font-size:11.0pt;line-height:115%;font-family:&quot;Trebuchet MS&quot;,sans-serif;\nmso-ansi-language:RO\"><\/span><\/p><p class=\"MsoNormal\" style=\"text-align:justify;text-justify:inter-ideograph\"><span lang=\"RO\" style=\"font-size:11.0pt;line-height:115%;font-family:&quot;Trebuchet MS&quot;,sans-serif;\nmso-ansi-language:RO\">Asisten\u021ba specific\u0103 a proiectului cuprinde pe scurt urm\u0103toa<span style=\"font-size:large;\"><\/span>rele ac\u021biuni:<\/span><\/p>\n\n\n\n<span style=\"font-size:large;\">\n<p style=\"text-align: justify;\"><span style=\"font-size:medium;\">&#8211; <span style=\"font-family: &quot;Trebuchet MS&quot;, sans-serif; text-indent: -18pt;\">suport pentru autorizarea ca furnizori priva\u021bi de servicii pentru pia\u021ba muncii \u0219i promovarea personalizat\u0103 pentru serviciile nou autorizate<\/span><\/span><span style=\"font-family: &quot;Trebuchet MS&quot;, sans-serif; text-indent: -18pt;\"><\/span><\/p>\n<\/span>\n\n\n\n<p><span style=\"font-family: &quot;Trebuchet MS&quot;, sans-serif; font-size: 11pt; text-indent: -18pt;\"><\/span><span style=\"font-family: &quot;Trebuchet MS&quot;, sans-serif; font-size: 11pt; text-indent: -18pt;\">&#8211; dotarea entit\u0103\u021bilor din grupul \u021bint\u0103 cu laptop echipat cu licen\u021be de tip Office \u0219i Soft specializat pentru livrarea serviciilor de consiliere \u00een limba rom\u00e2n\u0103 cu teste \u0219i instrumente specifice pentru derularea activit\u0103\u021bii de consiliere<\/span><\/p>\n\n\n\n<p [object NamedNodeMap]><span style=\"font-family: &quot;Trebuchet MS&quot;, sans-serif; font-size: 11pt; text-indent: -18pt;\"><\/span><span style=\"font-family: &quot;Trebuchet MS&quot;, sans-serif; font-size: 11pt; text-indent: -18pt;\">&#8211; formarea unui num\u0103r de 160 membri speciali\u0219ti, angaja\u021bi \u0219i voluntari implica\u021bi \u00een derularea activit\u0103\u021bii organiza\u021biilor societ\u0103\u021bii civile care se \u00eenscriu \u00een grupul \u021bint\u0103<\/span><\/p>\n\n\n\n<p [object NamedNodeMap]><span style=\"font-family: &quot;Trebuchet MS&quot;, sans-serif; font-size: 11pt; text-indent: -18pt;\"><\/span><span style=\"font-family: &quot;Trebuchet MS&quot;, sans-serif; font-size: 11pt; text-indent: -18pt;\">&#8211; componenta de instruire a angaja\u021bilor \u0219i voluntarilor care activeaz\u0103 \u00een organiza\u021biile societ\u0103\u021bii civile curprinde at\u00e2t programe autorizate (<\/span><i style=\"font-family: &quot;Trebuchet MS&quot;, sans-serif; font-size: 11pt; text-indent: -18pt;\"><strong>Consilier orientare privind cariera, Formator \u0219i Manager de formare<\/strong><\/i><span style=\"font-family: &quot;Trebuchet MS&quot;, sans-serif; font-size: 11pt; text-indent: -18pt;\">) c\u00e2t \u0219i module non formale cu tematicii specifice.<\/span><\/p>\n\n\n\n<p [object NamedNodeMap]><span style=\"font-family: &quot;Trebuchet MS&quot;, sans-serif; font-size: 11pt; text-indent: -18pt;\"><\/span><span style=\"font-family: &quot;Trebuchet MS&quot;, sans-serif; font-size: 11pt; text-indent: -18pt;\">&#8211; dezvoltarea unei re\u021bele interegioanale pentru servicii de integrare pe pia\u021ba muncii \u0219i elaborarea \u00een colaborare cu entit\u0103\u021bile din grupul \u021bint\u0103 a unei propuneri de politic\u0103 public\u0103 \u00een domeniul pie\u021bei muncii<\/span><\/p>\n\n\n\n<p [object NamedNodeMap]><span style=\"font-family: &quot;Trebuchet MS&quot;, sans-serif; font-size: 11pt; text-indent: -18pt;\"><\/span><span style=\"font-family: &quot;Trebuchet MS&quot;, sans-serif; font-size: 11pt;\">&#8211; dezvoltarea de acorduri de cooperare transna\u021bional\u0103 \u00een vederea asigur\u0103rii transferului de bune practici \u00een integrarea persoanelor vulnerabile pe pia\u021ba muncii \u0219i privind adaptarea serviciilor de ocupare la nevoile acestora.<\/span><\/p>\n\n\n\n\n\n<span style=\"font-size: medium; font-family: Tahoma;\">\n<p><strong>Proiectul este cofinan\u021bat din Fondul Social European+ prin Programul Educa\u021bie \u0219i Ocupare 2021-2027. Valoarea total\u0103 este de 4.963.036,73 lei din care 4.218.581,22 lei reprezint\u0103 cofinan\u021barea Uniunii Europene.<\/strong><\/p>\n<\/span>\n\n\n\n\n\n\n\n\n\n<h1><strong>IMPACT<\/strong><\/h1>\n\n\n\n\n\n\n\n\n\n<p class=\"has-text-align-right has-text-color has-link-color has-large-font-size wp-elements-bff75d34a87475da9cf5d755718fb45e\" style=\"color:#3b0364\">ASISTEN\u021a\u0102 \u0218I SUPORT<\/p>\n\n\n\n<p class=\"has-text-align-right has-text-color has-link-color has-large-font-size wp-elements-0b14aad5044e8b937e461a2e7395cadf\" style=\"color:#3b0364\">RE\u021aEA INTERREGIONAL\u0102<\/p>\n\n\n\n\n\n<p class=\"has-text-align-center has-text-color has-link-color has-large-font-size wp-elements-4efb9e55e5bb58ec299e4662962b4916\" style=\"color:#3b0364\">CONSOLIDARE DIALOG CIVIC<\/p>\n\n\n\n<p class=\"has-text-align-center has-text-color has-link-color has-large-font-size wp-elements-26f70794c3d0fcf10dd85957631185f9\" style=\"color:#3b0364\">PARTENERIATE TRANSNA\u021aIONALE<\/p>\n\n\n\n\n\n<p class=\"has-text-align-center has-text-color has-link-color has-large-font-size wp-elements-977b30cf9a4d4240309caa0b596a920e\" style=\"color:#3b0364\">FORMARE \u0218I INSTRUIRE<\/p>\n\n\n\n<p class=\"has-text-align-center has-text-color has-link-color has-large-font-size wp-elements-66637cf0bd007e1b4e2c75b757ac2501\" style=\"color:#3b0364\">DEZVOLTARE POLITICI PUBLICE<\/p>\n\n\n\n\n\n<p class=\"has-text-align-center has-text-color has-link-color has-large-font-size wp-elements-6c0171fbacdc905c7a86fc5253c74473\" style=\"color:#3b0364\">DIGITALIZAREA ORGANIZA\u021aIILOR SOCIET\u0102\u021aII CIVILE<\/p>\n\n\n\n<p class=\"has-text-align-center has-large-font-size\"><\/p>\n\n\n\n\n\n<p><\/p>\n","protected":false},"excerpt":{"rendered":"","protected":false},"author":1,"featured_media":0,"parent":0,"menu_order":0,"comment_status":"closed","ping_status":"closed","template":"","meta":{"pagelayer_contact_templates":[],"_pagelayer_content":"","footnotes":""},"class_list":["post-51","page","type-page","status-publish","hentry"],"_links":{"self":[{"href":"https:\/\/adds.ro\/sincron\/wp-json\/wp\/v2\/pages\/51","targetHints":{"allow":["GET"]}}],"collection":[{"href":"https:\/\/adds.ro\/sincron\/wp-json\/wp\/v2\/pages"}],"about":[{"href":"https:\/\/adds.ro\/sincron\/wp-json\/wp\/v2\/types\/page"}],"author":[{"embeddable":true,"href":"https:\/\/adds.ro\/sincron\/wp-json\/wp\/v2\/users\/1"}],"replies":[{"embeddable":true,"href":"https:\/\/adds.ro\/sincron\/wp-json\/wp\/v2\/comments?post=51"}],"version-history":[{"count":40,"href":"https:\/\/adds.ro\/sincron\/wp-json\/wp\/v2\/pages\/51\/revisions"}],"predecessor-version":[{"id":215,"href":"https:\/\/adds.ro\/sincron\/wp-json\/wp\/v2\/pages\/51\/revisions\/215"}],"wp:attachment":[{"href":"https:\/\/adds.ro\/sincron\/wp-json\/wp\/v2\/media?parent=51"}],"curies":[{"name":"wp","href":"https:\/\/api.w.org\/{rel}","templated":true}]}}